{"id":654,"date":"2018-03-04T20:32:28","date_gmt":"2018-03-04T19:32:28","guid":{"rendered":"http:\/\/www.centre-de-vacances-ukrainien.fr\/?page_id=654"},"modified":"2026-03-31T11:58:34","modified_gmt":"2026-03-31T10:58:34","slug":"inscription-en-ligne","status":"publish","type":"page","link":"https:\/\/www.centre-de-vacances-ukrainien.fr\/uk\/inscription-en-ligne\/","title":{"rendered":"Inscription"},"content":{"rendered":"<div data-elementor-type=\"wp-page\" data-elementor-id=\"654\" class=\"elementor elementor-654\">\n\t\t\t\t\t\t<section class=\"elementor-section elementor-top-section elementor-element elementor-element-e84c603 elementor-section-boxed elementor-section-height-default elementor-section-height-default\" data-id=\"e84c603\" data-element_type=\"section\">\n\t\t\t\t\t\t<div class=\"elementor-container elementor-column-gap-default\">\n\t\t\t\t\t<div class=\"elementor-column elementor-col-16 elementor-top-column elementor-element elementor-element-38fa150 elementor-hidden-mobile\" data-id=\"38fa150\" data-element_type=\"column\">\n\t\t\t<div class=\"elementor-widget-wrap\">\n\t\t\t\t\t\t\t<\/div>\n\t\t<\/div>\n\t\t\t\t<div class=\"elementor-column elementor-col-66 elementor-top-column elementor-element elementor-element-b538e3d\" data-id=\"b538e3d\" data-element_type=\"column\">\n\t\t\t<div class=\"elementor-widget-wrap elementor-element-populated\">\n\t\t\t\t\t\t<div class=\"elementor-element elementor-element-3e6ac8c elementor-hidden-desktop elementor-hidden-tablet elementor-hidden-mobile elementor-widget elementor-widget-text-editor\" data-id=\"3e6ac8c\" data-element_type=\"widget\" data-widget_type=\"text-editor.default\">\n\t\t\t\t<div class=\"elementor-widget-container\">\n\t\t\t\t\t\t\t\t\t<p>\n<div class=\"wpcf7 no-js\" id=\"wpcf7-f658-o1\" lang=\"fr-FR\" dir=\"ltr\" data-wpcf7-id=\"658\">\n<div class=\"screen-reader-response\"><p role=\"status\" aria-live=\"polite\" aria-atomic=\"true\"><\/p> <ul><\/ul><\/div>\n<form action=\"\/uk\/wp-json\/wp\/v2\/pages\/654#wpcf7-f658-o1\" method=\"post\" class=\"wpcf7-form init\" aria-label=\"Formulaire de contact\" novalidate=\"novalidate\" data-status=\"init\" data-trp-original-action=\"\/uk\/wp-json\/wp\/v2\/pages\/654#wpcf7-f658-o1\">\n<fieldset class=\"hidden-fields-container\"><input type=\"hidden\" name=\"_wpcf7\" value=\"658\" \/><input type=\"hidden\" name=\"_wpcf7_version\" value=\"6.1.4\" \/><input type=\"hidden\" name=\"_wpcf7_locale\" value=\"fr_FR\" \/><input type=\"hidden\" name=\"_wpcf7_unit_tag\" value=\"wpcf7-f658-o1\" \/><input type=\"hidden\" name=\"_wpcf7_container_post\" value=\"0\" \/><input type=\"hidden\" name=\"_wpcf7_posted_data_hash\" value=\"\" \/>\n<\/fieldset>\n<div class=\"wpcf7-turnstile cf-turnstile\" data-sitekey=\"0x4AAAAAAB1S1O-Bbitla1wu\" data-response-field-name=\"_wpcf7_turnstile_response\"><\/div>\n\n<p>\u041f\u0440\u0456\u0437\u0432\u0438\u0449\u0435 \u0442\u0430 \u0406\u043c'\u044f \u0434\u0438\u0442\u0438\u043d\u0438 *<br \/>\n<span class=\"wpcf7-form-control-wrap\" data-name=\"nom-prenom-enfant\"><input size=\"40\" maxlength=\"400\" class=\"wpcf7-form-control wpcf7-text wpcf7-validates-as-required\" aria-required=\"true\" aria-invalid=\"false\" value=\"\" type=\"text\" name=\"nom-prenom-enfant\" \/><\/span>\n<\/p>\n<p>\u0414\u0430\u0442\u0430 \u043d\u0430\u0440\u043e\u0434\u0436\u0435\u043d\u043d\u044f \u0434\u0438\u0442\u0438\u043d\u0438 *<br \/>\n<span class=\"wpcf7-form-control-wrap\" data-name=\"date-142\"><input class=\"wpcf7-form-control wpcf7-date wpcf7-validates-as-required wpcf7-validates-as-date\" aria-required=\"true\" aria-invalid=\"false\" value=\"\" type=\"date\" name=\"date-142\" \/><\/span>\n<\/p>\n<p>\u041f\u0440\u0456\u0437\u0432\u0438\u0449\u0435 \u0442\u0430 \u0406\u043c'\u044f \u0432\u0456\u0434\u043f\u043e\u0432\u0456\u0434\u0430\u043b\u044c\u043d\u043e\u0433\u043e \u0437\u0430 \u0434\u0438\u0442\u0438\u043d\u0443 *<br \/>\n<span class=\"wpcf7-form-control-wrap\" data-name=\"nom-prenom-responsablelegal\"><input size=\"40\" maxlength=\"400\" class=\"wpcf7-form-control wpcf7-text wpcf7-validates-as-required\" aria-required=\"true\" aria-invalid=\"false\" value=\"\" type=\"text\" name=\"nom-prenom-responsablelegal\" \/><\/span>\n<\/p>\n<p>\u041d\u043e\u043c\u0435\u0440 \u0442\u0435\u043b\u0435\u0444\u043e\u043d\u0443 *<br \/>\n<span class=\"wpcf7-form-control-wrap\" data-name=\"telephone\"><input size=\"40\" maxlength=\"400\" class=\"wpcf7-form-control wpcf7-tel wpcf7-validates-as-required wpcf7-text wpcf7-validates-as-tel\" aria-required=\"true\" aria-invalid=\"false\" value=\"\" type=\"tel\" name=\"telephone\" \/><\/span>\n<\/p>\n<p>\u0415\u043b. \u043f\u043e\u0448\u0442\u0430 *<br \/>\n<span class=\"wpcf7-form-control-wrap\" data-name=\"adresse-mail\"><input size=\"40\" maxlength=\"400\" class=\"wpcf7-form-control wpcf7-email wpcf7-validates-as-required wpcf7-text wpcf7-validates-as-email\" aria-required=\"true\" aria-invalid=\"false\" value=\"\" type=\"email\" name=\"adresse-mail\" \/><\/span>\n<\/p>\n<p>\u041a\u043e\u043c\u0435\u043d\u0442\u0430\u0440\u0456<br \/>\n<span class=\"wpcf7-form-control-wrap\" data-name=\"commentaires\"><textarea cols=\"40\" rows=\"10\" maxlength=\"2000\" class=\"wpcf7-form-control wpcf7-textarea\" aria-invalid=\"false\" name=\"commentaires\"><\/textarea><\/span>\n<\/p>\n<p><span class=\"wpcf7-form-control-wrap\" data-name=\"checkbox-755\"><span class=\"wpcf7-form-control wpcf7-checkbox\"><span class=\"wpcf7-list-item first last\"><label><input type=\"checkbox\" name=\"checkbox-755[]\" value=\"Je ne souhaite PAS r\u00e9server le trajet en train \u00ab aller Paris-Vesoul \u00bb\" \/><span class=\"wpcf7-list-item-label\">\u042f \u041d\u0415 \u0431\u0430\u0436\u0430\u044e \u0431\u0440\u043e\u043d\u044e\u0432\u0430\u0442\u0438 \u043f\u043e\u0457\u0437\u0434\u043a\u0443 \u043f\u043e\u0442\u044f\u0433\u043e\u043c \"\u041f\u0430\u0440\u0438\u0436 - \u0412\u0435\u0437\u0443\u043b\u044c\"<\/span><\/label><\/span><\/span><\/span>\n<\/p>\n<p><span class=\"wpcf7-form-control-wrap\" data-name=\"checkbox-304\"><span class=\"wpcf7-form-control wpcf7-checkbox\"><span class=\"wpcf7-list-item first last\"><label><input type=\"checkbox\" name=\"checkbox-304[]\" value=\"Je ne souhaite PAS r\u00e9server le trajet en train \u00ab retour Vesoul-Paris \u00bb\" \/><span class=\"wpcf7-list-item-label\">\u042f \u041d\u0415 \u0431\u0430\u0436\u0430\u044e \u0431\u0440\u043e\u043d\u044e\u0432\u0430\u0442\u0438 \u043f\u043e\u0457\u0437\u0434\u043a\u0443 \u043f\u043e\u0442\u044f\u0433\u043e\u043c \"\u0412\u0435\u0437\u0443\u043b\u044c - \u041f\u0430\u0440\u0438\u0436\"<\/span><\/label><\/span><\/span><\/span>\n<\/p>\n<p>\u042f \u0431\u0430\u0436\u0430\u044e \u043e\u043f\u043b\u0430\u0442\u0438\u0442\u0438 \u0434\u0435\u043f\u043e\u0437\u0438\u0442 350\u20ac\/\u0434\u0438\u0442\u0438\u043d\u0430 \u043d\u0430\u0441\u0442\u0443\u043f\u043d\u0438\u043c \u043c\u0435\u0442\u043e\u0434\u043e\u043c: *<br \/>\n<span class=\"wpcf7-form-control-wrap\" data-name=\"radio-551\"><span class=\"wpcf7-form-control wpcf7-radio\"><span class=\"wpcf7-list-item first\"><label><input type=\"radio\" name=\"radio-551\" value=\"Virement bancaire\" checked=\"checked\" \/><span class=\"wpcf7-list-item-label\">\u0411\u0430\u043d\u043a\u0456\u0432\u0441\u044c\u043a\u0438\u0439 \u043f\u0435\u0440\u0435\u043a\u0430\u0437<\/span><\/label><\/span><span class=\"wpcf7-list-item\"><label><input type=\"radio\" name=\"radio-551\" value=\"Ch\u00e8que\" \/><span class=\"wpcf7-list-item-label\">\u0427\u0435\u043a<\/span><\/label><\/span><span class=\"wpcf7-list-item\"><label><input type=\"radio\" name=\"radio-551\" value=\"Esp\u00e8ces\" \/><span class=\"wpcf7-list-item-label\">\u0413\u043e\u0442\u0456\u0432\u043a\u0430<\/span><\/label><\/span><span class=\"wpcf7-list-item last\"><label><input type=\"radio\" name=\"radio-551\" value=\"Ch\u00e8que vacances\" \/><span class=\"wpcf7-list-item-label\">\u0412\u0430\u0443\u0447\u0435\u0440 \u043d\u0430 \u0432\u0456\u0434\u043f\u043e\u0447\u0438\u043d\u043e\u043a<\/span><\/label><\/span><\/span><\/span>\n<\/p>\n<p><span class=\"wpcf7-form-control-wrap\" data-name=\"checkbox-177\"><span class=\"wpcf7-form-control wpcf7-checkbox wpcf7-validates-as-required\"><span class=\"wpcf7-list-item first last\"><label><input type=\"checkbox\" name=\"checkbox-177[]\" value=\"En cochant cette case, je certifie l\u2019exactitude des informations saisies. *\" \/><span class=\"wpcf7-list-item-label\">\u042f \u043f\u0456\u0434\u0442\u0432\u0435\u0440\u0434\u0436\u0443\u044e \u0434\u043e\u0441\u0442\u043e\u0432\u0456\u0440\u043d\u0456\u0441\u0442\u044c \u0432\u0432\u0435\u0434\u0435\u043d\u043e\u0457 \u0456\u043d\u0444\u043e\u0440\u043c\u0430\u0446\u0456\u0457. *<\/span><\/label><\/span><\/span><\/span>\n<\/p>\n<p><span class=\"wpcf7-form-control-wrap\" data-name=\"checkbox-3\"><span class=\"wpcf7-form-control wpcf7-checkbox wpcf7-validates-as-required\"><span class=\"wpcf7-list-item first last\"><label><input type=\"checkbox\" name=\"checkbox-3[]\" value=\"En cochant cette case, je m\u2019engage \u00e0 honorer l\u2019inscription ou \u00e0 signaler toute modification ou annulation dans les d\u00e9lais les plus courts. *\" \/><span class=\"wpcf7-list-item-label\">\u042f \u0437\u043e\u0431\u043e\u0432\u2019\u044f\u0437\u0443\u044e\u0441\u044c \u043f\u043e\u0432\u0430\u0436\u0430\u0442\u0438 \u0434\u0430\u043d\u0443 \u0440\u0435\u0454\u0441\u0442\u0440\u0430\u0446\u0456\u044e \u0442\u0430 \u043f\u043e\u0432\u0456\u0434\u043e\u043c\u043b\u044f\u0442\u0438 \u043f\u0440\u043e \u0431\u0443\u0434\u044c-\u044f\u043a\u0456 \u0437\u043c\u0456\u043d\u0438 \u0447\u0438 \u0441\u043a\u0430\u0441\u0443\u0432\u0430\u043d\u043d\u044f \u044f\u043a\u043d\u0430\u0439\u0448\u0432\u0438\u0434\u0448\u0435. *<\/span><\/label><\/span><\/span><\/span>\n<\/p>\n<p><input class=\"wpcf7-form-control wpcf7-submit has-spinner\" type=\"submit\" value=\"\u041d\u0410\u0414\u0406\u0421\u041b\u0410\u0422\u0418\" \/>\n<\/p><div class=\"wpcf7-response-output\" aria-hidden=\"true\"><\/div>\n<input type=\"hidden\" name=\"trp-form-language\" value=\"uk\"\/><\/form>\n<\/div>\n<\/p>\t\t\t\t\t\t\t\t<\/div>\n\t\t\t\t<\/div>\n\t\t\t\t<div class=\"elementor-element elementor-element-666f93c elementor-widget elementor-widget-text-editor\" data-id=\"666f93c\" data-element_type=\"widget\" data-widget_type=\"text-editor.default\">\n\t\t\t\t<div class=\"elementor-widget-container\">\n\t\t\t\t\t\t\t\t\t<p>\u0428\u0430\u043d\u043e\u0432\u043d\u0456 \u0431\u0430\u0442\u044c\u043a\u0438 \u0442\u0430 \u0434\u0456\u0442\u0438,<\/p><p>\u041c\u0438 \u0445\u043e\u0447\u0435\u043c\u043e \u043f\u043e\u0432\u0456\u0434\u043e\u043c\u0438\u0442\u0438 \u0432\u0430\u0441, \u0449\u043e \u0432\u0441\u0456 \u043c\u0456\u0441\u0446\u044f \u043d\u0430 \u0446\u0435\u0439 \u0440\u0456\u043a \u0432\u0436\u0435 \u0437\u0430\u043f\u043e\u0432\u043d\u0435\u043d\u0456. \u041c\u0438 \u0440\u0430\u0434\u0456 \u0435\u043d\u0442\u0443\u0437\u0456\u0430\u0437\u043c\u0443 \u0442\u0430 \u0456\u043d\u0442\u0435\u0440\u0435\u0441\u0443, \u044f\u043a\u0438\u0439 \u0432\u0438 \u0432\u0438\u044f\u0432\u0438\u043b\u0438 \u0434\u043e \u043d\u0430\u0448\u043e\u0457 \u043f\u0440\u043e\u0433\u0440\u0430\u043c\u0438. \u042f\u043a\u0449\u043e \u0432\u0438 \u0431\u0430\u0436\u0430\u0454\u0442\u0435 \u0431\u0443\u0442\u0438 \u043f\u0435\u0440\u0448\u0438\u043c\u0438, \u0445\u0442\u043e \u0434\u0456\u0437\u043d\u0430\u0454\u0442\u044c\u0441\u044f \u043f\u0440\u043e \u043f\u043e\u0447\u0430\u0442\u043e\u043a \u0442\u0430\u0431\u043e\u0440\u0443 \u043d\u0430\u0441\u0442\u0443\u043f\u043d\u043e\u0433\u043e \u043b\u0456\u0442\u0430, \u043f\u0440\u043e\u0441\u0438\u043c\u043e \u0432\u0430\u0441 \u043d\u0430\u0434\u0456\u0441\u043b\u0430\u0442\u0438 \u043d\u0430\u043c \u0432\u0430\u0448\u0456 \u043a\u043e\u043d\u0442\u0430\u043a\u0442\u043d\u0456 \u0434\u0430\u043d\u0456. \u0422\u0430\u043a\u0438\u043c \u0447\u0438\u043d\u043e\u043c, \u043c\u0438 \u0437\u043c\u043e\u0436\u0435\u043c\u043e \u043f\u043e\u0432\u0456\u0434\u043e\u043c\u0438\u0442\u0438 \u0432\u0430\u0441 \u043f\u0440\u043e \u0434\u0430\u0442\u0438 \u0442\u0430 \u0440\u0435\u0454\u0441\u0442\u0440\u0430\u0446\u0456\u044e, \u044f\u043a \u0442\u0456\u043b\u044c\u043a\u0438 \u0432\u043e\u043d\u0438 \u0441\u0442\u0430\u043d\u0443\u0442\u044c \u0434\u043e\u0441\u0442\u0443\u043f\u043d\u0438\u043c\u0438. \u041c\u0438 \u0434\u044f\u043a\u0443\u0454\u043c\u043e \u0432\u0430\u043c \u0437\u0430 \u0432\u0430\u0448 \u0456\u043d\u0442\u0435\u0440\u0435\u0441 \u0456 \u0441\u043f\u043e\u0434\u0456\u0432\u0430\u0454\u043c\u043e\u0441\u044f \u043f\u0440\u0438\u0439\u043d\u044f\u0442\u0438 \u0432\u0430\u0441 \u043d\u0430\u0441\u0442\u0443\u043f\u043d\u043e\u0433\u043e \u0440\u043e\u043a\u0443 \u0434\u043b\u044f \u043d\u0435\u0437\u0430\u0431\u0443\u0442\u043d\u044c\u043e\u0433\u043e \u0434\u043e\u0441\u0432\u0456\u0434\u0443!<\/p><p>\u0417 \u043f\u043e\u0432\u0430\u0433\u043e\u044e,<\/p><p>\u041a\u043e\u043c\u0430\u043d\u0434\u0430<\/p>\t\t\t\t\t\t\t\t<\/div>\n\t\t\t\t<\/div>\n\t\t\t\t<div class=\"elementor-element elementor-element-30ce67c elementor-widget elementor-widget-text-editor\" data-id=\"30ce67c\" data-element_type=\"widget\" data-widget_type=\"text-editor.default\">\n\t\t\t\t<div class=\"elementor-widget-container\">\n\t\t\t\t\t\t\t\t\t<p>\n<div class=\"wpcf7 no-js\" id=\"wpcf7-f1710-o2\" lang=\"en-US\" dir=\"ltr\" data-wpcf7-id=\"1710\">\n<div class=\"screen-reader-response\"><p role=\"status\" aria-live=\"polite\" aria-atomic=\"true\"><\/p> <ul><\/ul><\/div>\n<form action=\"\/uk\/wp-json\/wp\/v2\/pages\/654#wpcf7-f1710-o2\" method=\"post\" class=\"wpcf7-form init\" aria-label=\"Contact form\" novalidate=\"novalidate\" data-status=\"init\" data-trp-original-action=\"\/uk\/wp-json\/wp\/v2\/pages\/654#wpcf7-f1710-o2\">\n<fieldset class=\"hidden-fields-container\"><input type=\"hidden\" name=\"_wpcf7\" value=\"1710\" \/><input type=\"hidden\" name=\"_wpcf7_version\" value=\"6.1.4\" \/><input type=\"hidden\" name=\"_wpcf7_locale\" value=\"en_US\" \/><input type=\"hidden\" name=\"_wpcf7_unit_tag\" value=\"wpcf7-f1710-o2\" \/><input type=\"hidden\" name=\"_wpcf7_container_post\" value=\"0\" \/><input type=\"hidden\" name=\"_wpcf7_posted_data_hash\" value=\"\" \/>\n<\/fieldset>\n<div class=\"wpcf7-turnstile cf-turnstile\" data-sitekey=\"0x4AAAAAAB1S1O-Bbitla1wu\" data-response-field-name=\"_wpcf7_turnstile_response\"><\/div>\n\n<p><label>\u0406\u043c'\u044f \u0442\u0430 \u043f\u0440\u0456\u0437\u0432\u0438\u0449\u0435*<br \/>\n<span class=\"wpcf7-form-control-wrap\" data-name=\"nom-prenom\"><input size=\"40\" maxlength=\"400\" class=\"wpcf7-form-control wpcf7-text wpcf7-validates-as-required\" autocomplete=\"name\" aria-required=\"true\" aria-invalid=\"false\" value=\"\" type=\"text\" name=\"nom-prenom\" \/><\/span> <\/label>\n<\/p>\n<p><label>\u0415\u043b. \u043f\u043e\u0448\u0442\u0430*<br \/>\n<span class=\"wpcf7-form-control-wrap\" data-name=\"adresse-mail\"><input size=\"40\" maxlength=\"400\" class=\"wpcf7-form-control wpcf7-email wpcf7-validates-as-required wpcf7-text wpcf7-validates-as-email\" autocomplete=\"email\" aria-required=\"true\" aria-invalid=\"false\" value=\"\" type=\"email\" name=\"adresse-mail\" \/><\/span> <\/label>\n<\/p>\n<p><label>\u041d\u043e\u043c\u0435\u0440 \u0442\u0435\u043b\u0435\u0444\u043e\u043d\u0443*<br \/>\n<span class=\"wpcf7-form-control-wrap\" data-name=\"num-tel\"><input size=\"40\" maxlength=\"400\" class=\"wpcf7-form-control wpcf7-tel wpcf7-validates-as-required wpcf7-text wpcf7-validates-as-tel\" autocomplete=\"tel\" aria-required=\"true\" aria-invalid=\"false\" value=\"\" type=\"tel\" name=\"num-tel\" \/><\/span> <\/label>\n<\/p>\n<p><label>\u041a\u043e\u043c\u0435\u043d\u0442\u0430\u0440\u0456<br \/>\n<span class=\"wpcf7-form-control-wrap\" data-name=\"commentaires\"><textarea cols=\"40\" rows=\"10\" maxlength=\"2000\" class=\"wpcf7-form-control wpcf7-textarea\" aria-invalid=\"false\" name=\"commentaires\"><\/textarea><\/span> <\/label>\n<\/p>\n<p><input class=\"wpcf7-form-control wpcf7-submit has-spinner\" type=\"submit\" value=\"\u041d\u0410\u0414\u0406\u0421\u041b\u0410\u0422\u0418\" \/>\n<\/p><div class=\"wpcf7-response-output\" aria-hidden=\"true\"><\/div>\n<input type=\"hidden\" name=\"trp-form-language\" value=\"uk\"\/><\/form>\n<\/div>\n<\/p>\t\t\t\t\t\t\t\t<\/div>\n\t\t\t\t<\/div>\n\t\t\t\t\t<\/div>\n\t\t<\/div>\n\t\t\t\t<div class=\"elementor-column elementor-col-16 elementor-top-column elementor-element elementor-element-b1123cd elementor-hidden-tablet elementor-hidden-mobile\" data-id=\"b1123cd\" data-element_type=\"column\">\n\t\t\t<div class=\"elementor-widget-wrap\">\n\t\t\t\t\t\t\t<\/div>\n\t\t<\/div>\n\t\t\t\t\t<\/div>\n\t\t<\/section>\n\t\t<div class=\"elementor-element elementor-element-c20db16 e-flex e-con-boxed e-con e-parent\" data-id=\"c20db16\" data-element_type=\"container\">\n\t\t\t\t\t<div class=\"e-con-inner\">\n\t\t<div class=\"elementor-element elementor-element-36ee2f6 e-con-full e-flex e-con e-child\" data-id=\"36ee2f6\" data-element_type=\"container\">\n\t\t\t\t<\/div>\n\t\t<div class=\"elementor-element elementor-element-850b43d e-con-full e-grid e-con e-child\" data-id=\"850b43d\" data-element_type=\"container\">\n\t\t\t\t<div class=\"elementor-element elementor-element-fed5617 elementor-widget elementor-widget-text-editor\" data-id=\"fed5617\" data-element_type=\"widget\" data-widget_type=\"text-editor.default\">\n\t\t\t\t<div class=\"elementor-widget-container\">\n\t\t\t\t\t\t\t\t\t<span>\u0412\u0438 \u0442\u0430\u043a\u043e\u0436 \u043c\u043e\u0436\u0435\u0442\u0435<\/span>\t\t\t\t\t\t\t\t<\/div>\n\t\t\t\t<\/div>\n\t\t\t\t<div class=\"elementor-element elementor-element-61925de elementor-align-left elementor-invisible elementor-widget elementor-widget-button\" data-id=\"61925de\" data-element_type=\"widget\" data-settings=\"{&quot;_animation&quot;:&quot;fadeIn&quot;}\" data-widget_type=\"button.default\">\n\t\t\t\t<div class=\"elementor-widget-container\">\n\t\t\t\t\t\t\t\t\t<div class=\"elementor-button-wrapper\">\n\t\t\t\t\t<a class=\"elementor-button elementor-button-link elementor-size-md elementor-animation-grow\" href=\"\/uk\/dons\/\">\n\t\t\t\t\t\t<span class=\"elementor-button-content-wrapper\">\n\t\t\t\t\t\t\t\t\t<span class=\"elementor-button-text\">\u0417\u0440\u043e\u0431\u0438\u0442\u0438 \u043f\u043e\u0436\u0435\u0440\u0442\u0432\u0443<\/span>\n\t\t\t\t\t<\/span>\n\t\t\t\t\t<\/a>\n\t\t\t\t<\/div>\n\t\t\t\t\t\t\t\t<\/div>\n\t\t\t\t<\/div>\n\t\t\t\t<\/div>\n\t\t<div class=\"elementor-element elementor-element-700913b e-con-full e-flex e-con e-child\" data-id=\"700913b\" data-element_type=\"container\">\n\t\t\t\t<\/div>\n\t\t\t\t\t<\/div>\n\t\t\t\t<\/div>\n\t\t\t\t<\/div>","protected":false},"excerpt":{"rendered":"<p>Chers parents et enfants, Nous tenons \u00e0 vous informer que toutes nos places pour le s\u00e9jour de cette ann\u00e9e sont d\u00e9sormais compl\u00e8tes. Nous sommes ravis de l&rsquo;enthousiasme et de l&rsquo;int\u00e9r\u00eat que vous avez manifest\u00e9s pour notre programme. Si vous souhaitez \u00eatre les premiers inform\u00e9s du d\u00e9but du s\u00e9jour pour l&rsquo;\u00e9t\u00e9 prochain, nous vous invitons \u00e0 [&hellip;]<\/p>","protected":false},"author":1,"featured_media":0,"parent":0,"menu_order":0,"comment_status":"closed","ping_status":"closed","template":"","meta":{"site-sidebar-layout":"no-sidebar","site-content-layout":"page-builder","ast-site-content-layout":"normal-width-container","site-content-style":"unboxed","site-sidebar-style":"unboxed","ast-global-header-display":"","ast-banner-title-visibility":"","ast-main-header-display":"","ast-hfb-above-header-display":"","ast-hfb-below-header-display":"","ast-hfb-mobile-header-display":"","site-post-title":"","ast-breadcrumbs-content":"","ast-featured-img":"disabled","footer-sml-layout":"","theme-transparent-header-meta":"","adv-header-id-meta":"","stick-header-meta":"","header-above-stick-meta":"","header-main-stick-meta":"","header-below-stick-meta":"","astra-migrate-meta-layouts":"set","ast-page-background-enabled":"default","ast-page-background-meta":{"desktop":{"background-color":"var(--ast-global-color-4)","background-image":"","background-repeat":"repeat","background-position":"center center","background-size":"auto","background-attachment":"scroll","background-type":"","background-media":"","overlay-type":"","overlay-color":"","overlay-opacity":"","overlay-gradient":""},"tablet":{"background-color":"","background-image":"","background-repeat":"repeat","background-position":"center center","background-size":"auto","background-attachment":"scroll","background-type":"","background-media":"","overlay-type":"","overlay-color":"","overlay-opacity":"","overlay-gradient":""},"mobile":{"background-color":"","background-image":"","background-repeat":"repeat","background-position":"center center","background-size":"auto","background-attachment":"scroll","background-type":"","background-media":"","overlay-type":"","overlay-color":"","overlay-opacity":"","overlay-gradient":""}},"ast-content-background-meta":{"desktop":{"background-color":"var(--ast-global-color-5)","background-image":"","background-repeat":"repeat","background-position":"center center","background-size":"auto","background-attachment":"scroll","background-type":"","background-media":"","overlay-type":"","overlay-color":"","overlay-opacity":"","overlay-gradient":""},"tablet":{"background-color":"var(--ast-global-color-5)","background-image":"","background-repeat":"repeat","background-position":"center center","background-size":"auto","background-attachment":"scroll","background-type":"","background-media":"","overlay-type":"","overlay-color":"","overlay-opacity":"","overlay-gradient":""},"mobile":{"background-color":"var(--ast-global-color-5)","background-image":"","background-repeat":"repeat","background-position":"center center","background-size":"auto","background-attachment":"scroll","background-type":"","background-media":"","overlay-type":"","overlay-color":"","overlay-opacity":"","overlay-gradient":""}},"footnotes":""},"class_list":["post-654","page","type-page","status-publish","hentry"],"_links":{"self":[{"href":"https:\/\/www.centre-de-vacances-ukrainien.fr\/uk\/wp-json\/wp\/v2\/pages\/654","targetHints":{"allow":["GET"]}}],"collection":[{"href":"https:\/\/www.centre-de-vacances-ukrainien.fr\/uk\/wp-json\/wp\/v2\/pages"}],"about":[{"href":"https:\/\/www.centre-de-vacances-ukrainien.fr\/uk\/wp-json\/wp\/v2\/types\/page"}],"author":[{"embeddable":true,"href":"https:\/\/www.centre-de-vacances-ukrainien.fr\/uk\/wp-json\/wp\/v2\/users\/1"}],"replies":[{"embeddable":true,"href":"https:\/\/www.centre-de-vacances-ukrainien.fr\/uk\/wp-json\/wp\/v2\/comments?post=654"}],"version-history":[{"count":80,"href":"https:\/\/www.centre-de-vacances-ukrainien.fr\/uk\/wp-json\/wp\/v2\/pages\/654\/revisions"}],"predecessor-version":[{"id":2537,"href":"https:\/\/www.centre-de-vacances-ukrainien.fr\/uk\/wp-json\/wp\/v2\/pages\/654\/revisions\/2537"}],"wp:attachment":[{"href":"https:\/\/www.centre-de-vacances-ukrainien.fr\/uk\/wp-json\/wp\/v2\/media?parent=654"}],"curies":[{"name":"wp","href":"https:\/\/api.w.org\/{rel}","templated":true}]}}